{"id":3599,"date":"2025-06-20T12:04:26","date_gmt":"2025-06-20T10:04:26","guid":{"rendered":"http:\/\/www.orientasia.de\/wordpress\/?page_id=3599"},"modified":"2025-07-05T20:29:55","modified_gmt":"2025-07-05T18:29:55","slug":"wahl-2025","status":"publish","type":"page","link":"http:\/\/www.orientasia.de\/wordpress\/wahl-2025\/","title":{"rendered":"Fachschaftswahl 2025"},"content":{"rendered":"\n<h2 class=\"wp-block-heading\">&#8211; alles rund um die Wahlen der Fachschaftsvertretung<\/h2>\n\n\n\n<p>Auf dieser Seite findet ihr alle Protokolle und Infos zur Fachschaftswahl 2025.<\/p>\n\n\n\n<div data-wp-interactive=\"core\/file\" class=\"wp-block-file\"><object data-wp-bind--hidden=\"!state.hasPdfPreview\" hidden class=\"wp-block-file__embed\" data=\"http:\/\/www.orientasia.de\/wordpress\/wp-content\/uploads\/2025\/07\/Vorlaeufiges-amtliches-Wahlergebnis.pdf\" type=\"application\/pdf\" style=\"width:100%;height:630px\" aria-label=\"Einbettung von VA-Wahlergebnis-2025.\"><\/object><a id=\"wp-block-file--media-9c47dea0-e503-420d-ace1-2104900014a0\" href=\"http:\/\/www.orientasia.de\/wordpress\/wp-content\/uploads\/2025\/07\/Vorlaeufiges-amtliches-Wahlergebnis.pdf\">VA-Wahlergebnis-2025<\/a><a href=\"http:\/\/www.orientasia.de\/wordpress\/wp-content\/uploads\/2025\/07\/Vorlaeufiges-amtliches-Wahlergebnis.pdf\" class=\"wp-block-file__button wp-element-button\" download aria-describedby=\"wp-block-file--media-9c47dea0-e503-420d-ace1-2104900014a0\">Herunterladen<\/a><\/div>\n\n\n\n<p>Dies ist das vorl\u00e4ufige Ergebnis der Fachschaftswahl 2025. <br \/>Gegen dieses Wahlergebnis kann innerhalb von 14 Tagen nach seiner Ver\u00f6ffentlichung am beim Wahlpr\u00fcfungsausschuss der Fachschaftenkonferenz schriftlich oder per E-Mail an&nbsp;<a href=\"mailto:fsen@asta.uni-bonn.de\" target=\"_blank\" rel=\"noreferrer noopener\">fsen@asta.uni-bonn.de<\/a>&nbsp;(c\/o Fachschaftenreferat) Einspruch erhoben werden.<\/p>\n\n\n\n<p>Mit freundlichen Gr\u00fc\u00dfen<br \/>Nedret \u015eenol (Wahlleitung)<\/p>\n\n\n\n<hr class=\"wp-block-separator has-alpha-channel-opacity is-style-wide\"\/>\n\n\n\n<p>Die Steckbriefe sind online! Hier seht ihr die Kandidierenden f\u00fcr die Fachschaftswahl.<\/p>\n\n\n\n<div class=\"wp-block-group is-horizontal is-layout-flex wp-block-group-is-layout-flex\">\n<figure class=\"wp-block-image size-large is-resized\"><a href=\"http:\/\/www.orientasia.de\/wordpress\/wp-content\/uploads\/2025\/06\/Wahlen-2025-Steckbrief-Kjana-1.jpg\"><img loading=\"lazy\" decoding=\"async\" width=\"723\" height=\"1024\" src=\"http:\/\/www.orientasia.de\/wordpress\/wp-content\/uploads\/2025\/06\/Wahlen-2025-Steckbrief-Kjana-1-723x1024.jpg\" alt=\"\" class=\"wp-image-3613\" style=\"width:350px\" srcset=\"http:\/\/www.orientasia.de\/wordpress\/wp-content\/uploads\/2025\/06\/Wahlen-2025-Steckbrief-Kjana-1-723x1024.jpg 723w, http:\/\/www.orientasia.de\/wordpress\/wp-content\/uploads\/2025\/06\/Wahlen-2025-Steckbrief-Kjana-1-212x300.jpg 212w, http:\/\/www.orientasia.de\/wordpress\/wp-content\/uploads\/2025\/06\/Wahlen-2025-Steckbrief-Kjana-1-768x1087.jpg 768w, http:\/\/www.orientasia.de\/wordpress\/wp-content\/uploads\/2025\/06\/Wahlen-2025-Steckbrief-Kjana-1-100x142.jpg 100w, http:\/\/www.orientasia.de\/wordpress\/wp-content\/uploads\/2025\/06\/Wahlen-2025-Steckbrief-Kjana-1-1085x1536.jpg 1085w, http:\/\/www.orientasia.de\/wordpress\/wp-content\/uploads\/2025\/06\/Wahlen-2025-Steckbrief-Kjana-1.jpg 1239w\" sizes=\"auto, (max-width: 723px) 100vw, 723px\" \/><\/a><\/figure>\n\n\n\n<figure class=\"wp-block-image size-large is-resized\"><a href=\"http:\/\/www.orientasia.de\/wordpress\/wp-content\/uploads\/2025\/06\/Wahlen-2024-Steckbrief-Robert-Bude-1.jpg\"><img loading=\"lazy\" decoding=\"async\" width=\"724\" height=\"1024\" src=\"http:\/\/www.orientasia.de\/wordpress\/wp-content\/uploads\/2025\/06\/Wahlen-2024-Steckbrief-Robert-Bude-1-724x1024.jpg\" alt=\"\" class=\"wp-image-3614\" style=\"width:350px\" srcset=\"http:\/\/www.orientasia.de\/wordpress\/wp-content\/uploads\/2025\/06\/Wahlen-2024-Steckbrief-Robert-Bude-1-724x1024.jpg 724w, http:\/\/www.orientasia.de\/wordpress\/wp-content\/uploads\/2025\/06\/Wahlen-2024-Steckbrief-Robert-Bude-1-212x300.jpg 212w, http:\/\/www.orientasia.de\/wordpress\/wp-content\/uploads\/2025\/06\/Wahlen-2024-Steckbrief-Robert-Bude-1-768x1086.jpg 768w, http:\/\/www.orientasia.de\/wordpress\/wp-content\/uploads\/2025\/06\/Wahlen-2024-Steckbrief-Robert-Bude-1-100x141.jpg 100w, http:\/\/www.orientasia.de\/wordpress\/wp-content\/uploads\/2025\/06\/Wahlen-2024-Steckbrief-Robert-Bude-1-1087x1536.jpg 1087w, http:\/\/www.orientasia.de\/wordpress\/wp-content\/uploads\/2025\/06\/Wahlen-2024-Steckbrief-Robert-Bude-1.jpg 1240w\" sizes=\"auto, (max-width: 724px) 100vw, 724px\" \/><\/a><\/figure>\n\n\n\n<figure class=\"wp-block-image size-large is-resized\"><a href=\"http:\/\/www.orientasia.de\/wordpress\/wp-content\/uploads\/2025\/06\/Wahlen-2025-Steckbrief-Munise-1.jpg\"><img loading=\"lazy\" decoding=\"async\" width=\"725\" height=\"1024\" src=\"http:\/\/www.orientasia.de\/wordpress\/wp-content\/uploads\/2025\/06\/Wahlen-2025-Steckbrief-Munise-1-725x1024.jpg\" alt=\"\" class=\"wp-image-3615\" style=\"width:350px\" srcset=\"http:\/\/www.orientasia.de\/wordpress\/wp-content\/uploads\/2025\/06\/Wahlen-2025-Steckbrief-Munise-1-725x1024.jpg 725w, http:\/\/www.orientasia.de\/wordpress\/wp-content\/uploads\/2025\/06\/Wahlen-2025-Steckbrief-Munise-1-212x300.jpg 212w, http:\/\/www.orientasia.de\/wordpress\/wp-content\/uploads\/2025\/06\/Wahlen-2025-Steckbrief-Munise-1-768x1085.jpg 768w, http:\/\/www.orientasia.de\/wordpress\/wp-content\/uploads\/2025\/06\/Wahlen-2025-Steckbrief-Munise-1-100x141.jpg 100w, http:\/\/www.orientasia.de\/wordpress\/wp-content\/uploads\/2025\/06\/Wahlen-2025-Steckbrief-Munise-1-1087x1536.jpg 1087w, http:\/\/www.orientasia.de\/wordpress\/wp-content\/uploads\/2025\/06\/Wahlen-2025-Steckbrief-Munise-1.jpg 1241w\" sizes=\"auto, (max-width: 725px) 100vw, 725px\" \/><\/a><\/figure>\n\n\n\n<figure class=\"wp-block-image size-large is-resized\"><a href=\"http:\/\/www.orientasia.de\/wordpress\/wp-content\/uploads\/2025\/06\/Wahlen-2025-Steckbrief-Fabio-1.jpg\"><img loading=\"lazy\" decoding=\"async\" width=\"724\" height=\"1024\" src=\"http:\/\/www.orientasia.de\/wordpress\/wp-content\/uploads\/2025\/06\/Wahlen-2025-Steckbrief-Fabio-1-724x1024.jpg\" alt=\"\" class=\"wp-image-3617\" style=\"width:350px\" srcset=\"http:\/\/www.orientasia.de\/wordpress\/wp-content\/uploads\/2025\/06\/Wahlen-2025-Steckbrief-Fabio-1-724x1024.jpg 724w, http:\/\/www.orientasia.de\/wordpress\/wp-content\/uploads\/2025\/06\/Wahlen-2025-Steckbrief-Fabio-1-212x300.jpg 212w, http:\/\/www.orientasia.de\/wordpress\/wp-content\/uploads\/2025\/06\/Wahlen-2025-Steckbrief-Fabio-1-768x1086.jpg 768w, http:\/\/www.orientasia.de\/wordpress\/wp-content\/uploads\/2025\/06\/Wahlen-2025-Steckbrief-Fabio-1-100x141.jpg 100w, http:\/\/www.orientasia.de\/wordpress\/wp-content\/uploads\/2025\/06\/Wahlen-2025-Steckbrief-Fabio-1-1087x1536.jpg 1087w, http:\/\/www.orientasia.de\/wordpress\/wp-content\/uploads\/2025\/06\/Wahlen-2025-Steckbrief-Fabio-1.jpg 1240w\" sizes=\"auto, (max-width: 724px) 100vw, 724px\" \/><\/a><\/figure>\n\n\n\n<figure class=\"wp-block-image size-large is-resized\"><a href=\"http:\/\/www.orientasia.de\/wordpress\/wp-content\/uploads\/2025\/06\/Wahlen-2025-Steckbrief-Alessia-1.jpg\"><img loading=\"lazy\" decoding=\"async\" width=\"724\" height=\"1024\" src=\"http:\/\/www.orientasia.de\/wordpress\/wp-content\/uploads\/2025\/06\/Wahlen-2025-Steckbrief-Alessia-1-724x1024.jpg\" alt=\"\" class=\"wp-image-3618\" style=\"width:350px\" srcset=\"http:\/\/www.orientasia.de\/wordpress\/wp-content\/uploads\/2025\/06\/Wahlen-2025-Steckbrief-Alessia-1-724x1024.jpg 724w, http:\/\/www.orientasia.de\/wordpress\/wp-content\/uploads\/2025\/06\/Wahlen-2025-Steckbrief-Alessia-1-212x300.jpg 212w, http:\/\/www.orientasia.de\/wordpress\/wp-content\/uploads\/2025\/06\/Wahlen-2025-Steckbrief-Alessia-1-768x1086.jpg 768w, http:\/\/www.orientasia.de\/wordpress\/wp-content\/uploads\/2025\/06\/Wahlen-2025-Steckbrief-Alessia-1-100x141.jpg 100w, http:\/\/www.orientasia.de\/wordpress\/wp-content\/uploads\/2025\/06\/Wahlen-2025-Steckbrief-Alessia-1-1086x1536.jpg 1086w, http:\/\/www.orientasia.de\/wordpress\/wp-content\/uploads\/2025\/06\/Wahlen-2025-Steckbrief-Alessia-1.jpg 1240w\" sizes=\"auto, (max-width: 724px) 100vw, 724px\" \/><\/a><\/figure>\n\n\n\n<figure class=\"wp-block-image size-large is-resized\"><a href=\"http:\/\/www.orientasia.de\/wordpress\/wp-content\/uploads\/2025\/06\/Wahlen-2025-Steckbrief-Haniya-1.jpg\"><img loading=\"lazy\" decoding=\"async\" width=\"724\" height=\"1024\" src=\"http:\/\/www.orientasia.de\/wordpress\/wp-content\/uploads\/2025\/06\/Wahlen-2025-Steckbrief-Haniya-1-724x1024.jpg\" alt=\"\" class=\"wp-image-3619\" style=\"width:350px\" srcset=\"http:\/\/www.orientasia.de\/wordpress\/wp-content\/uploads\/2025\/06\/Wahlen-2025-Steckbrief-Haniya-1-724x1024.jpg 724w, http:\/\/www.orientasia.de\/wordpress\/wp-content\/uploads\/2025\/06\/Wahlen-2025-Steckbrief-Haniya-1-212x300.jpg 212w, http:\/\/www.orientasia.de\/wordpress\/wp-content\/uploads\/2025\/06\/Wahlen-2025-Steckbrief-Haniya-1-768x1086.jpg 768w, http:\/\/www.orientasia.de\/wordpress\/wp-content\/uploads\/2025\/06\/Wahlen-2025-Steckbrief-Haniya-1-100x141.jpg 100w, http:\/\/www.orientasia.de\/wordpress\/wp-content\/uploads\/2025\/06\/Wahlen-2025-Steckbrief-Haniya-1-1086x1536.jpg 1086w, http:\/\/www.orientasia.de\/wordpress\/wp-content\/uploads\/2025\/06\/Wahlen-2025-Steckbrief-Haniya-1.jpg 1240w\" sizes=\"auto, (max-width: 724px) 100vw, 724px\" \/><\/a><\/figure>\n\n\n\n<figure class=\"wp-block-image size-large is-resized\"><a href=\"http:\/\/www.orientasia.de\/wordpress\/wp-content\/uploads\/2025\/06\/Wahlen-2025-Steckbrief-Anastasia-Hille-1.jpg\"><img loading=\"lazy\" decoding=\"async\" width=\"724\" height=\"1024\" src=\"http:\/\/www.orientasia.de\/wordpress\/wp-content\/uploads\/2025\/06\/Wahlen-2025-Steckbrief-Anastasia-Hille-1-724x1024.jpg\" alt=\"\" class=\"wp-image-3620\" style=\"width:350px\" srcset=\"http:\/\/www.orientasia.de\/wordpress\/wp-content\/uploads\/2025\/06\/Wahlen-2025-Steckbrief-Anastasia-Hille-1-724x1024.jpg 724w, http:\/\/www.orientasia.de\/wordpress\/wp-content\/uploads\/2025\/06\/Wahlen-2025-Steckbrief-Anastasia-Hille-1-212x300.jpg 212w, http:\/\/www.orientasia.de\/wordpress\/wp-content\/uploads\/2025\/06\/Wahlen-2025-Steckbrief-Anastasia-Hille-1-768x1086.jpg 768w, http:\/\/www.orientasia.de\/wordpress\/wp-content\/uploads\/2025\/06\/Wahlen-2025-Steckbrief-Anastasia-Hille-1-100x141.jpg 100w, http:\/\/www.orientasia.de\/wordpress\/wp-content\/uploads\/2025\/06\/Wahlen-2025-Steckbrief-Anastasia-Hille-1-1087x1536.jpg 1087w, http:\/\/www.orientasia.de\/wordpress\/wp-content\/uploads\/2025\/06\/Wahlen-2025-Steckbrief-Anastasia-Hille-1.jpg 1240w\" sizes=\"auto, (max-width: 724px) 100vw, 724px\" \/><\/a><\/figure>\n\n\n\n<figure class=\"wp-block-image size-large is-resized\"><a href=\"http:\/\/www.orientasia.de\/wordpress\/wp-content\/uploads\/2025\/06\/Wahlen-2025-Steckbrief-Ella-1.jpg\"><img loading=\"lazy\" decoding=\"async\" width=\"724\" height=\"1024\" src=\"http:\/\/www.orientasia.de\/wordpress\/wp-content\/uploads\/2025\/06\/Wahlen-2025-Steckbrief-Ella-1-724x1024.jpg\" alt=\"\" class=\"wp-image-3621\" style=\"width:350px\" srcset=\"http:\/\/www.orientasia.de\/wordpress\/wp-content\/uploads\/2025\/06\/Wahlen-2025-Steckbrief-Ella-1-724x1024.jpg 724w, http:\/\/www.orientasia.de\/wordpress\/wp-content\/uploads\/2025\/06\/Wahlen-2025-Steckbrief-Ella-1-212x300.jpg 212w, http:\/\/www.orientasia.de\/wordpress\/wp-content\/uploads\/2025\/06\/Wahlen-2025-Steckbrief-Ella-1-768x1086.jpg 768w, http:\/\/www.orientasia.de\/wordpress\/wp-content\/uploads\/2025\/06\/Wahlen-2025-Steckbrief-Ella-1-100x141.jpg 100w, http:\/\/www.orientasia.de\/wordpress\/wp-content\/uploads\/2025\/06\/Wahlen-2025-Steckbrief-Ella-1-1087x1536.jpg 1087w, http:\/\/www.orientasia.de\/wordpress\/wp-content\/uploads\/2025\/06\/Wahlen-2025-Steckbrief-Ella-1.jpg 1240w\" sizes=\"auto, (max-width: 724px) 100vw, 724px\" \/><\/a><\/figure>\n\n\n\n<figure class=\"wp-block-image size-large is-resized\"><a href=\"http:\/\/www.orientasia.de\/wordpress\/wp-content\/uploads\/2025\/06\/Wahlen-2025-Steckbrief-Bekir-1.jpg\"><img loading=\"lazy\" decoding=\"async\" width=\"724\" height=\"1024\" src=\"http:\/\/www.orientasia.de\/wordpress\/wp-content\/uploads\/2025\/06\/Wahlen-2025-Steckbrief-Bekir-1-724x1024.jpg\" alt=\"\" class=\"wp-image-3622\" style=\"width:350px\" srcset=\"http:\/\/www.orientasia.de\/wordpress\/wp-content\/uploads\/2025\/06\/Wahlen-2025-Steckbrief-Bekir-1-724x1024.jpg 724w, http:\/\/www.orientasia.de\/wordpress\/wp-content\/uploads\/2025\/06\/Wahlen-2025-Steckbrief-Bekir-1-212x300.jpg 212w, http:\/\/www.orientasia.de\/wordpress\/wp-content\/uploads\/2025\/06\/Wahlen-2025-Steckbrief-Bekir-1-768x1086.jpg 768w, http:\/\/www.orientasia.de\/wordpress\/wp-content\/uploads\/2025\/06\/Wahlen-2025-Steckbrief-Bekir-1-100x141.jpg 100w, http:\/\/www.orientasia.de\/wordpress\/wp-content\/uploads\/2025\/06\/Wahlen-2025-Steckbrief-Bekir-1-1087x1536.jpg 1087w, http:\/\/www.orientasia.de\/wordpress\/wp-content\/uploads\/2025\/06\/Wahlen-2025-Steckbrief-Bekir-1.jpg 1240w\" sizes=\"auto, (max-width: 724px) 100vw, 724px\" \/><\/a><\/figure>\n\n\n\n<figure class=\"wp-block-image size-large is-resized\"><a href=\"http:\/\/www.orientasia.de\/wordpress\/wp-content\/uploads\/2025\/06\/Wahlen-2025-Steckbrief-Luca-Jacob-1.jpg\"><img loading=\"lazy\" decoding=\"async\" width=\"724\" height=\"1024\" src=\"http:\/\/www.orientasia.de\/wordpress\/wp-content\/uploads\/2025\/06\/Wahlen-2025-Steckbrief-Luca-Jacob-1-724x1024.jpg\" alt=\"\" class=\"wp-image-3623\" style=\"width:350px\" srcset=\"http:\/\/www.orientasia.de\/wordpress\/wp-content\/uploads\/2025\/06\/Wahlen-2025-Steckbrief-Luca-Jacob-1-724x1024.jpg 724w, http:\/\/www.orientasia.de\/wordpress\/wp-content\/uploads\/2025\/06\/Wahlen-2025-Steckbrief-Luca-Jacob-1-212x300.jpg 212w, http:\/\/www.orientasia.de\/wordpress\/wp-content\/uploads\/2025\/06\/Wahlen-2025-Steckbrief-Luca-Jacob-1-768x1086.jpg 768w, http:\/\/www.orientasia.de\/wordpress\/wp-content\/uploads\/2025\/06\/Wahlen-2025-Steckbrief-Luca-Jacob-1-100x141.jpg 100w, http:\/\/www.orientasia.de\/wordpress\/wp-content\/uploads\/2025\/06\/Wahlen-2025-Steckbrief-Luca-Jacob-1-1086x1536.jpg 1086w, http:\/\/www.orientasia.de\/wordpress\/wp-content\/uploads\/2025\/06\/Wahlen-2025-Steckbrief-Luca-Jacob-1.jpg 1240w\" sizes=\"auto, (max-width: 724px) 100vw, 724px\" \/><\/a><\/figure>\n<\/div>\n\n\n\n<hr class=\"wp-block-separator has-alpha-channel-opacity is-style-wide\"\/>\n\n\n\n<h2 class=\"wp-block-heading\">Fachschaft OrientAsia &#8211; was ist das?<\/h2>\n\n\n\n<details class=\"wp-block-details is-layout-flow wp-block-details-is-layout-flow\" open><summary>Fachschaft &#8211; FS <\/summary>\n<p>Eine Fachschaft (FS) besteht aus allen Studierenden, die in einem der jeweiligen FS zugeordneten Studieng\u00e4nge immatrikuliert sind, sofern bei Doppelimmatrikulation nicht f\u00fcr die andere FS optiert wurde. Meist wird \u201cFachschaft\u201d aber f\u00fcr die Mitglieder der Fachschaftsvertretung (FSV) und des Fachschaftsrates (FSR) gebraucht.<\/p>\n<\/details>\n\n\n\n<details class=\"wp-block-details is-layout-flow wp-block-details-is-layout-flow\" open><summary>Fachschaftsvertretung &#8211; FSV <\/summary>\n<p>Die Fachschaftsvertretung ist eure gew\u00e4hlte Vertretung. Sie repr\u00e4sentieren die Studierendenschaft der Studieng\u00e4nge am Institut f\u00fcr Orient- und Asienwissenschaften in verschiedenen Gremien innerhalb und au\u00dferhalb des Instituts.<\/p>\n<\/details>\n\n\n\n<details class=\"wp-block-details is-layout-flow wp-block-details-is-layout-flow\" open><summary>Fachschaftsrat &#8211; FSR<\/summary>\n<p>Der Fachschaftsrat wird von der FSV gew\u00e4hlt und f\u00fchrt das Tagesgesch\u00e4ft. <br \/>Sie organisieren Events f\u00fcr die Studierenden und treffen sich (regul\u00e4r) einmal die Woche. <br \/>Wann? Das wird jedes Semester neu entschieden und hier auf der Website (s. rechts) und auf unserem Instagramkanal (fs.orientasia) ver\u00f6ffentlicht.<\/p>\n<\/details>\n\n\n\n<p>weitere Infos findest du hier: <a href=\"http:\/\/www.orientasia.de\/wordpress\/fachschaftsarbeit\/\" target=\"_blank\" rel=\"noopener\" title=\"\">Die Fachschaftsarbeit<\/a> <\/p>\n\n\n\n<hr class=\"wp-block-separator has-alpha-channel-opacity is-style-wide\"\/>\n\n\n\n<h2 class=\"wp-block-heading\">Protokolle des Wahlausschusses<\/h2>\n\n\n\n<div class=\"wp-block-group is-vertical is-layout-flex wp-container-core-group-is-layout-8cf370e7 wp-block-group-is-layout-flex\">\n<div class=\"wp-block-file\"><a id=\"wp-block-file--media-681d1815-6989-42be-8e45-e6e1dbb2e19a\" href=\"http:\/\/www.orientasia.de\/wordpress\/wp-content\/uploads\/2025\/06\/Wahlauschuss-Protokoll-2025-05-28.pdf\">WA-Protokoll_25-05-28<\/a><a href=\"http:\/\/www.orientasia.de\/wordpress\/wp-content\/uploads\/2025\/06\/Wahlauschuss-Protokoll-2025-05-28.pdf\" class=\"wp-block-file__button wp-element-button\" download aria-describedby=\"wp-block-file--media-681d1815-6989-42be-8e45-e6e1dbb2e19a\">Herunterladen<\/a><\/div>\n\n\n\n<div class=\"wp-block-file\"><a id=\"wp-block-file--media-d23699f8-99ed-46dc-9404-a43a3c0a8c41\" href=\"http:\/\/www.orientasia.de\/wordpress\/wp-content\/uploads\/2025\/06\/Wahlauschuss-Sitzung_19.06.2025.pdf\">WA-Protokoll_25-06-19<\/a><a href=\"http:\/\/www.orientasia.de\/wordpress\/wp-content\/uploads\/2025\/06\/Wahlauschuss-Sitzung_19.06.2025.pdf\" class=\"wp-block-file__button wp-element-button\" download aria-describedby=\"wp-block-file--media-d23699f8-99ed-46dc-9404-a43a3c0a8c41\">Herunterladen<\/a><\/div>\n\n\n\n<div class=\"wp-block-file\"><a id=\"wp-block-file--media-485c0dba-290f-4b46-82a3-4846b63899ac\" href=\"http:\/\/www.orientasia.de\/wordpress\/wp-content\/uploads\/2025\/07\/Wahlauschuss-Sitzung_03.07.2025.pdf\">WA-Protokoll 25-07-03<\/a><a href=\"http:\/\/www.orientasia.de\/wordpress\/wp-content\/uploads\/2025\/07\/Wahlauschuss-Sitzung_03.07.2025.pdf\" class=\"wp-block-file__button wp-element-button\" download aria-describedby=\"wp-block-file--media-485c0dba-290f-4b46-82a3-4846b63899ac\">Herunterladen<\/a><\/div>\n<\/div>\n\n\n\n<h2 class=\"wp-block-heading\">Wahlbekanntmachung<\/h2>\n\n\n\n<div class=\"wp-block-file\"><a id=\"wp-block-file--media-b8128c85-a2bb-4e39-ae98-7b7a414f6b4d\" href=\"http:\/\/www.orientasia.de\/wordpress\/wp-content\/uploads\/2025\/06\/Wahlbekanntmachung.pdf\">Wahlbekanntmachung-2025<\/a><a href=\"http:\/\/www.orientasia.de\/wordpress\/wp-content\/uploads\/2025\/06\/Wahlbekanntmachung.pdf\" class=\"wp-block-file__button wp-element-button\" download aria-describedby=\"wp-block-file--media-b8128c85-a2bb-4e39-ae98-7b7a414f6b4d\">Herunterladen<\/a><\/div>\n\n\n\n<p>Die Steckbriefe der kanidierenden Personen findet ihr hier: <a href=\"http:\/\/www.orientasia.de\/wordpress\/kandidierende-fachschaftswahl-2025\/\" title=\"Kandidat*innen 2025\">Kandidat*innen 2025<\/a><\/p>\n\n\n\n<p><\/p>\n","protected":false},"excerpt":{"rendered":"<p>&#8211; alles rund um die Wahlen der Fachschaftsvertretung Auf dieser Seite findet ihr alle Protokolle und Infos zur Fachschaftswahl 2025.[&#8230;]<\/p>\n","protected":false},"author":28,"featured_media":0,"parent":0,"menu_order":0,"comment_status":"closed","ping_status":"closed","template":"","meta":{"footnotes":"","_wp_rev_ctl_limit":""},"class_list":["post-3599","page","type-page","status-publish","hentry"],"aioseo_notices":[],"_links":{"self":[{"href":"http:\/\/www.orientasia.de\/wordpress\/wp-json\/wp\/v2\/pages\/3599","targetHints":{"allow":["GET"]}}],"collection":[{"href":"http:\/\/www.orientasia.de\/wordpress\/wp-json\/wp\/v2\/pages"}],"about":[{"href":"http:\/\/www.orientasia.de\/wordpress\/wp-json\/wp\/v2\/types\/page"}],"author":[{"embeddable":true,"href":"http:\/\/www.orientasia.de\/wordpress\/wp-json\/wp\/v2\/users\/28"}],"replies":[{"embeddable":true,"href":"http:\/\/www.orientasia.de\/wordpress\/wp-json\/wp\/v2\/comments?post=3599"}],"version-history":[{"count":0,"href":"http:\/\/www.orientasia.de\/wordpress\/wp-json\/wp\/v2\/pages\/3599\/revisions"}],"wp:attachment":[{"href":"http:\/\/www.orientasia.de\/wordpress\/wp-json\/wp\/v2\/media?parent=3599"}],"curies":[{"name":"wp","href":"https:\/\/api.w.org\/{rel}","templated":true}]}}