{"id":3513,"date":"2024-06-03T16:43:04","date_gmt":"2024-06-03T14:43:04","guid":{"rendered":"http:\/\/www.orientasia.de\/wordpress\/?page_id=3513"},"modified":"2025-01-23T17:06:37","modified_gmt":"2025-01-23T16:06:37","slug":"fachschafts-wahl-2024","status":"publish","type":"page","link":"http:\/\/www.orientasia.de\/wordpress\/fachschaftsarbeit\/fachschafts-wahl-2024\/","title":{"rendered":"Fachschafts-Wahl 2024"},"content":{"rendered":"\n<h2 class=\"wp-block-heading\">&#8211; alles rund um die Wahlen der Fachschaftsvertretung<\/h2>\n\n\n\n<p>Auf dieser Seite findet ihr alle Protokolle und Infos zur Fachschaftswahl 2024.<\/p>\n\n\n\n<h2 class=\"wp-block-heading\">Die Stimmen sind ausgez\u00e4hlt! &#8211; Das Wahlergebnis:<\/h2>\n\n\n\n<div data-wp-interactive=\"core\/file\" class=\"wp-block-file\"><object data-wp-bind--hidden=\"!state.hasPdfPreview\" hidden class=\"wp-block-file__embed\" data=\"http:\/\/www.orientasia.de\/wordpress\/wp-content\/uploads\/2024\/07\/Vorlaeufiges-amtliches-Wahlergebnis-2024_FS-OrientAsia.pdf\" type=\"application\/pdf\" style=\"width:100%;height:1000px\" aria-label=\"Einbettung von Vorlaeufiges-amtliches-Wahlergebnis-2024_FS-OrientAsia.\"><\/object><a id=\"wp-block-file--media-fdb97475-ca24-474d-9b5d-8da6519bcd58\" href=\"http:\/\/www.orientasia.de\/wordpress\/wp-content\/uploads\/2024\/07\/Vorlaeufiges-amtliches-Wahlergebnis-2024_FS-OrientAsia.pdf\">Vorlaeufiges-amtliches-Wahlergebnis-2024_FS-OrientAsia<\/a><a href=\"http:\/\/www.orientasia.de\/wordpress\/wp-content\/uploads\/2024\/07\/Vorlaeufiges-amtliches-Wahlergebnis-2024_FS-OrientAsia.pdf\" class=\"wp-block-file__button wp-element-button\" download aria-describedby=\"wp-block-file--media-fdb97475-ca24-474d-9b5d-8da6519bcd58\">Herunterladen<\/a><\/div>\n\n\n\n<p><strong>Einspruch gegen das Wahlergebnis<\/strong><br \/>Gegen dieses Wahlergebnis kann innerhalb von 14 Tagen nach seiner Ver\u00f6ffentlichung<br \/>am 18.07.2024 beim Wahlpr\u00fcfungsausschuss der Fachschaftenkonferenz schriftlich oder per E-Mail an<br \/>fsen@asta.uni-bonn.de (c\/o Fachschaftenreferat) Einspruch erhoben werden.<\/p>\n\n\n\n<p><br \/><strong>Objection against the election result<\/strong><br \/>An objection against the election result can be raised until 14 days after its publication on 18.07.2024.<br \/>Objections must be submitted to the Wahlpr\u00fcfungsausschuss of the Fachschaftenkonferenz in writing<br \/>or by email to fsen@asta.uni-bonn.de (c\/o Fachschaftenreferat).<\/p>\n\n\n\n<h2 class=\"wp-block-heading\">Fachschaft OrientAsia &#8211; was ist das?<\/h2>\n\n\n\n<details class=\"wp-block-details is-layout-flow wp-block-details-is-layout-flow\" open><summary>Fachschaft &#8211; FS <\/summary>\n<p>Eine Fachschaft (FS) besteht aus allen Studierenden, die in einem der jeweiligen FS zugeordneten Studieng\u00e4nge immatrikuliert sind, sofern bei Doppelimmatrikulation nicht f\u00fcr die andere FS optiert wurde. Meist wird \u201cFachschaft\u201d aber f\u00fcr die Mitglieder der Fachschaftsvertretung (FSV) und des Fachschaftsrates (FSR) gebraucht.<\/p>\n<\/details>\n\n\n\n<details class=\"wp-block-details is-layout-flow wp-block-details-is-layout-flow\" open><summary>Fachschaftsvertretung &#8211; FSV <\/summary>\n<p>Die Fachschaftsvertretung ist eure gew\u00e4hlte Vertretung. Sie repr\u00e4sentieren die Studierendenschaft der Studieng\u00e4nge am Institut f\u00fcr Orient- und Asienwissenschaften in verschiedenen Gremien innerhalb und au\u00dferhalb des Instituts.<\/p>\n<\/details>\n\n\n\n<details class=\"wp-block-details is-layout-flow wp-block-details-is-layout-flow\" open><summary>Fachschaftsrat &#8211; FSR<\/summary>\n<p>Der Fachschaftsrat wird von der FSV gew\u00e4hlt und f\u00fchrt das Tagesgesch\u00e4ft. <br \/>Sie organisieren Events f\u00fcr die Studierenden und treffen sich (regul\u00e4r) einmal die Woche. <br \/>Wann? Das wird jedes Semester neu entschieden und hier auf der Website (s. rechts) und auf unserem Instagramkanal (fs.orientasia) ver\u00f6ffentlicht.<\/p>\n<\/details>\n\n\n\n<p>weitere Infos findest du hier: <a href=\"http:\/\/www.orientasia.de\/wordpress\/fachschaftsarbeit\/\" target=\"_blank\" rel=\"noopener\" title=\"\">Die Fachschaftsarbeit<\/a> <\/p>\n\n\n\n<h2 class=\"wp-block-heading\">Protokolle des Wahlausschusses<\/h2>\n\n\n\n<div class=\"wp-block-group is-vertical is-layout-flex wp-container-core-group-is-layout-8cf370e7 wp-block-group-is-layout-flex\">\n<div class=\"wp-block-file alignleft\" style=\"padding-right:var(--wp--preset--spacing--40);padding-left:var(--wp--preset--spacing--40)\"><a id=\"wp-block-file--media-bc2b27f2-af0f-4b10-95d7-27b88c201b93\" href=\"http:\/\/www.orientasia.de\/wordpress\/wp-content\/uploads\/2024\/06\/Wahlauschuss-27-05-24.pdf\" target=\"_blank\" rel=\"noreferrer noopener\"><strong>Protokoll-WA_27-05-24<\/strong><\/a><\/div>\n\n\n\n<div class=\"wp-block-file\" style=\"padding-right:var(--wp--preset--spacing--40);padding-left:var(--wp--preset--spacing--40)\"><a id=\"wp-block-file--media-6acda5c7-b101-4ebc-8b73-80b2c7f2657a\" href=\"http:\/\/www.orientasia.de\/wordpress\/wp-content\/uploads\/2024\/06\/Protokoll-Wahlauschuss-21.06.2024.pdf\"><strong>Protokoll-WA-21-06-24<\/strong><\/a><\/div>\n\n\n\n<div class=\"wp-block-file\" style=\"padding-right:var(--wp--preset--spacing--40);padding-left:var(--wp--preset--spacing--40)\"><a id=\"wp-block-file--media-a3a6d031-f0ca-4d49-8da5-60c127b45e3e\" href=\"http:\/\/www.orientasia.de\/wordpress\/wp-content\/uploads\/2024\/06\/Bekanntgabe-der-Kandidierenden.pdf\"><strong>Kandidierende-2024<\/strong><\/a><\/div>\n\n\n\n<div class=\"wp-block-file\" style=\"padding-right:var(--wp--preset--spacing--40);padding-left:var(--wp--preset--spacing--40)\"><a id=\"wp-block-file--media-6766cbe0-1483-458e-9be8-db813647881f\" href=\"http:\/\/www.orientasia.de\/wordpress\/wp-content\/uploads\/2024\/07\/Protokoll-Wahlausschuss-04.07.2024.pdf\"><strong>Protokoll-WA_04-07-24<\/strong><\/a><\/div>\n<\/div>\n\n\n\n<h2 class=\"wp-block-heading\">Wahlbekanntmachung<\/h2>\n\n\n\n<div class=\"wp-block-file\"><a id=\"wp-block-file--media-97f4951c-c692-45a0-8793-f55879211402\" href=\"http:\/\/www.orientasia.de\/wordpress\/wp-content\/uploads\/2024\/06\/Wahlbekanntmachung-.pdf\">Wahlbekanntmachung-2024<\/a><a href=\"http:\/\/www.orientasia.de\/wordpress\/wp-content\/uploads\/2024\/06\/Wahlbekanntmachung-.pdf\" class=\"wp-block-file__button wp-element-button\" download aria-describedby=\"wp-block-file--media-97f4951c-c692-45a0-8793-f55879211402\">Herunterladen<\/a><\/div>\n\n\n\n<p>Die Steckbriefe der kanidierenden Personen findet ihr hier: <a href=\"http:\/\/www.orientasia.de\/wordpress\/wahlvorschlaege-der-fachschaftswahl-2024\/\" target=\"_blank\" rel=\"noopener\" title=\"Kandidat*innen 2024\">Kandidat*innen 2024<\/a><\/p>\n","protected":false},"excerpt":{"rendered":"<p>&#8211; alles rund um die Wahlen der Fachschaftsvertretung Auf dieser Seite findet ihr alle Protokolle und Infos zur Fachschaftswahl 2024.[&#8230;]<\/p>\n","protected":false},"author":28,"featured_media":3524,"parent":1342,"menu_order":1,"comment_status":"closed","ping_status":"closed","template":"","meta":{"footnotes":"","_wp_rev_ctl_limit":""},"class_list":["post-3513","page","type-page","status-publish","has-post-thumbnail","hentry"],"aioseo_notices":[],"_links":{"self":[{"href":"http:\/\/www.orientasia.de\/wordpress\/wp-json\/wp\/v2\/pages\/3513","targetHints":{"allow":["GET"]}}],"collection":[{"href":"http:\/\/www.orientasia.de\/wordpress\/wp-json\/wp\/v2\/pages"}],"about":[{"href":"http:\/\/www.orientasia.de\/wordpress\/wp-json\/wp\/v2\/types\/page"}],"author":[{"embeddable":true,"href":"http:\/\/www.orientasia.de\/wordpress\/wp-json\/wp\/v2\/users\/28"}],"replies":[{"embeddable":true,"href":"http:\/\/www.orientasia.de\/wordpress\/wp-json\/wp\/v2\/comments?post=3513"}],"version-history":[{"count":0,"href":"http:\/\/www.orientasia.de\/wordpress\/wp-json\/wp\/v2\/pages\/3513\/revisions"}],"up":[{"embeddable":true,"href":"http:\/\/www.orientasia.de\/wordpress\/wp-json\/wp\/v2\/pages\/1342"}],"wp:featuredmedia":[{"embeddable":true,"href":"http:\/\/www.orientasia.de\/wordpress\/wp-json\/wp\/v2\/media\/3524"}],"wp:attachment":[{"href":"http:\/\/www.orientasia.de\/wordpress\/wp-json\/wp\/v2\/media?parent=3513"}],"curies":[{"name":"wp","href":"https:\/\/api.w.org\/{rel}","templated":true}]}}