{"id":2852,"date":"2020-05-28T18:36:28","date_gmt":"2020-05-28T16:36:28","guid":{"rendered":"http:\/\/www.orientasia.de\/wordpress\/?page_id=2852"},"modified":"2021-07-16T21:32:19","modified_gmt":"2021-07-16T19:32:19","slug":"protokolle","status":"publish","type":"page","link":"http:\/\/www.orientasia.de\/wordpress\/protokolle\/","title":{"rendered":"Protokolle der Fachschaftssitzungen"},"content":{"rendered":"\n<p>Die Protokolle der Fachschaftssitzungen sind \u00f6ffentlich zug\u00e4nglich. Sie k\u00f6nnen jederzeit auf Anfrage eingesehen werden. Bitte bei Interesse an folgende Email-Adresse wenden: fachschaft@orientasia.de <\/p>\n","protected":false},"excerpt":{"rendered":"<p>Die Protokolle der Fachschaftssitzungen sind \u00f6ffentlich zug\u00e4nglich. Sie k\u00f6nnen jederzeit auf Anfrage eingesehen werden. Bitte bei Interesse an folgende Email-Adresse[&#8230;]<\/p>\n","protected":false},"author":31,"featured_media":0,"parent":0,"menu_order":0,"comment_status":"closed","ping_status":"closed","template":"","meta":{"footnotes":"","_wp_rev_ctl_limit":""},"class_list":["post-2852","page","type-page","status-publish","hentry"],"aioseo_notices":[],"_links":{"self":[{"href":"http:\/\/www.orientasia.de\/wordpress\/wp-json\/wp\/v2\/pages\/2852","targetHints":{"allow":["GET"]}}],"collection":[{"href":"http:\/\/www.orientasia.de\/wordpress\/wp-json\/wp\/v2\/pages"}],"about":[{"href":"http:\/\/www.orientasia.de\/wordpress\/wp-json\/wp\/v2\/types\/page"}],"author":[{"embeddable":true,"href":"http:\/\/www.orientasia.de\/wordpress\/wp-json\/wp\/v2\/users\/31"}],"replies":[{"embeddable":true,"href":"http:\/\/www.orientasia.de\/wordpress\/wp-json\/wp\/v2\/comments?post=2852"}],"version-history":[{"count":0,"href":"http:\/\/www.orientasia.de\/wordpress\/wp-json\/wp\/v2\/pages\/2852\/revisions"}],"wp:attachment":[{"href":"http:\/\/www.orientasia.de\/wordpress\/wp-json\/wp\/v2\/media?parent=2852"}],"curies":[{"name":"wp","href":"https:\/\/api.w.org\/{rel}","templated":true}]}}