{"id":2108,"date":"2017-01-25T13:23:53","date_gmt":"2017-01-25T12:23:53","guid":{"rendered":"http:\/\/www.orientasia.de\/wordpress\/?page_id=2108"},"modified":"2021-09-21T17:45:56","modified_gmt":"2021-09-21T15:45:56","slug":"allgmeines","status":"publish","type":"page","link":"http:\/\/www.orientasia.de\/wordpress\/nuetzliches\/allgmeines\/","title":{"rendered":"Allgemeines"},"content":{"rendered":"<h2>Allgemeines<\/h2>\n<p><a href=\"https:\/\/www.philfak.uni-bonn.de\/de\/studium\/studienkalender\">Studienkalender<\/a> &#8211; Studien- oder Semesterkalender der Philosophischen Fakult\u00e4t. Denkt daran, dass unser Institut als Ausnahme einen abweichenden Pr\u00fcfungskorridor f\u00fcr die 2. Pr\u00fcfungsphase hat. Diese Termine werden rechtzeitig bekanntgegeben.<\/p>\n<h2>IOA, HG&#8230;? &#8211; Das kleine Abk\u00fcrzungs-1&#215;1<\/h2>\n<p><b>\u25aa AIK<\/b> &#8211; &#8222;Abteilung f\u00fcr Islamische Kunstgeschichte&#8220;, Adenauerallee 10.<\/p>\n<p><b>\u25aa AStA<\/b> &#8211; &#8222;Allgemeiner Studierendenausschuss&#8220;, hier hilft <a href=\"http:\/\/de.wikipedia.org\/wiki\/Allgemeiner_Studierendenausschuss\" target=\"_blank\" rel=\"noopener noreferrer\">Wiki<\/a>.<\/p>\n<p><b>\u25aa FSR<\/b> &#8211; &#8222;Fachschaftsrat&#8220;, f\u00fchrt die Gesch\u00e4fte der Fachschaft und wird von der FSV gew\u00e4hlt.<\/p>\n<p><b>\u25aa FSV<\/b> &#8211; &#8222;Fachschaftsvertretung&#8220;, Eure gew\u00e4hlte Vertretung.<\/p>\n<p><b>\u25aa HG<\/b> &#8211; &#8222;Hauptgeb\u00e4ude&#8220;, das Schloss am Regina-Pacis-Weg.<\/p>\n<p><b>\u25aa IOA<\/b> &#8211; &#8222;Institut f\u00fcr Orient- und Asienwissenschaften&#8220;, das Institut, an dem wir studieren ;)<\/p>\n<p><b>\u25aa KS<\/b> &#8211; &#8222;Kaiserstra\u00dfe&#8220;, im Zusammenhang mit der Angabe von R\u00e4umen.<\/p>\n<p><b>\u25aa LE<\/b> &#8211; &#8222;Lenn\u00e9stra\u00dfe&#8220;, im Zusammenhang mit der Angabe von R\u00e4umen.<\/p>\n<p><b>\u25aa RW<\/b> &#8211; &#8222;Religionswissenschaft&#8220;, Abteilung f\u00fcr Religionswissenschaft, Adenauerallee 4-6.<\/p>\n<p><b>\u25aa PhilFak<\/b> &#8211; &#8222;Philosophische Fakult\u00e4t&#8220;, die Fakult\u00e4t, der wir angeh\u00f6ren.<\/p>\n<p><b>\u25aa SOA<\/b> &#8211; &#8222;S\u00fcdostasien&#8220;, bzw. die betreffende Abteilung in der Nassestra\u00dfe 2.<\/p>\n<p>\u00a0<\/p>\n\n\n<h2 class=\"wp-block-heading\">Keine Auslage alter Klausuren<\/h2>\n\n\n\n<p>Entgegen hartn\u00e4ckiger Ger\u00fcchte ist die Fachschaft nicht im Besitz alter Klausurunterlagen zu Demonstrationszwecken.<br \/>Immer wieder werden wir nach alten Klausuren, insbesondere von Geschichte Asiens und Modernes Asien, gefragt. Wenn Ihr Euch auf Pr\u00fcfungen vorbereiten m\u00f6chtet, fragt bitte Eure Tutoren und Dozenten nach Probeklausuren und \u00dcbungsmaterial.<\/p>\n","protected":false},"excerpt":{"rendered":"<p>Allgemeines Studienkalender &#8211; Studien- oder Semesterkalender der Philosophischen Fakult\u00e4t. Denkt daran, dass unser Institut als Ausnahme einen abweichenden Pr\u00fcfungskorridor f\u00fcr[&#8230;]<\/p>\n","protected":false},"author":31,"featured_media":0,"parent":1769,"menu_order":0,"comment_status":"closed","ping_status":"closed","template":"","meta":{"footnotes":"","_wp_rev_ctl_limit":""},"class_list":["post-2108","page","type-page","status-publish","hentry"],"aioseo_notices":[],"_links":{"self":[{"href":"http:\/\/www.orientasia.de\/wordpress\/wp-json\/wp\/v2\/pages\/2108","targetHints":{"allow":["GET"]}}],"collection":[{"href":"http:\/\/www.orientasia.de\/wordpress\/wp-json\/wp\/v2\/pages"}],"about":[{"href":"http:\/\/www.orientasia.de\/wordpress\/wp-json\/wp\/v2\/types\/page"}],"author":[{"embeddable":true,"href":"http:\/\/www.orientasia.de\/wordpress\/wp-json\/wp\/v2\/users\/31"}],"replies":[{"embeddable":true,"href":"http:\/\/www.orientasia.de\/wordpress\/wp-json\/wp\/v2\/comments?post=2108"}],"version-history":[{"count":0,"href":"http:\/\/www.orientasia.de\/wordpress\/wp-json\/wp\/v2\/pages\/2108\/revisions"}],"up":[{"embeddable":true,"href":"http:\/\/www.orientasia.de\/wordpress\/wp-json\/wp\/v2\/pages\/1769"}],"wp:attachment":[{"href":"http:\/\/www.orientasia.de\/wordpress\/wp-json\/wp\/v2\/media?parent=2108"}],"curies":[{"name":"wp","href":"https:\/\/api.w.org\/{rel}","templated":true}]}}