{"id":1716,"date":"2016-03-22T15:25:15","date_gmt":"2016-03-22T14:25:15","guid":{"rendered":"http:\/\/www.orientasia.info\/wordpress\/?page_id=1716"},"modified":"2023-09-17T00:19:10","modified_gmt":"2023-09-16T22:19:10","slug":"willkommen-erstsemestler","status":"publish","type":"page","link":"http:\/\/www.orientasia.de\/wordpress\/willkommen-erstsemestler\/","title":{"rendered":"Erstsemester 23\/24"},"content":{"rendered":"\n<p>Liebe Erstis,<\/p>\n\n\n\n<p>Wir begr\u00fc\u00dfen Euch ganz herzlich am Institut Orient- und Asienwissenschaften! Wir wollen Euch einen guten Start ins Studium erm\u00f6glichen und haben daher eine Orientierungswoche f\u00fcr Euch geplant.<\/p>\n\n\n\n<p>Alle weiteren Infos findet Ihr in der Tabelle etwas weiter unten und im folgenden Text. <\/p>\n\n\n\n<p>Bitte schaut f\u00fcr Veranstatlungen unseres Instituts auch auf der <strong><a rel=\"noreferrer noopener\" href=\"https:\/\/www.ioa.uni-bonn.de\/de\/studium\/erstsemester\" target=\"_blank\">Erstsemester Seite des IOA<\/a><\/strong> vorbei! <br \/>Dort findet Ihr u.a. den Studienf\u00fchrer und eine Checkliste f\u00fcr den Studienbeginn. <\/p>\n\n\n\n<p>Immer hilfreich ist auch der <a rel=\"noreferrer noopener\" href=\"https:\/\/www.philfak.uni-bonn.de\/de\/studium\/pruefungsamt\/download\/kalender-studienjahr-2023-24.pdf\" target=\"_blank\"><strong>Studienkalender<\/strong><\/a>. Dort findet Ihr wichtige Termine, wie beispielsweise Pr\u00fcfungsanmeldephasen. Ein kleines <strong><a href=\"http:\/\/www.orientasia.de\/wordpress\/nuetzliches\/basis\/\">BASIS Tutorial<\/a> <\/strong>soll Euch auch schon einmal auf die Belegung Eurer Lehrveranstaltungen vorbereiten.<\/p>\n\n\n\n<p>Bei Fragen bez\u00fcglich des Studiums werden Euch auch Eure Mentoren aus dem Studiengangsmanagement und die Fachschaftsmitglieder helfen. <br \/>Erreichen<strong> <\/strong>k\u00f6nnt Ihr uns per E-Mail \u00fcber fachschaft@orientasia.de, per Instagram \u00fcber <a href=\"https:\/\/www.instagram.com\/fs.orientasia\"><strong>fs.orientasia<\/strong><\/a>, per Facebook \u00fcber <a href=\"https:\/\/www.facebook.com\/OrientAsia\/\"><strong>Fachschaft OrientAsia<\/strong><\/a> und per Discord \u00fcber <a href=\"https:\/\/discord.gg\/8rc2j8T\"><strong>OrientAsia &#8211; House of Fun<\/strong><\/a>. Zu Beginn des Semesters werden wir auch unsere <strong>Sprechstunden<\/strong> auf der Website posten. <br \/>Solltet Ihr zu den genannten Zeiten keine Zeit haben, aber ben\u00f6tigt Beratungsbedarf oder m\u00f6chtet einfach einmal mit uns sprechen, schreibt uns einfach eine E-Mail und wir machen einen Termin aus, der allen passt :) <\/p>\n\n\n\n<p>Nat\u00fcrlich k\u00f6nnt Ihr Euch bei Fragen auch jederzeit an das <a href=\"https:\/\/www.ioa.uni-bonn.de\/de\/studium\/studiengangsmanagement\"><strong>Studiengangsmanagement<\/strong><\/a> wenden.<\/p>\n\n\n\n<p><em><strong>Wir freuen uns auf Euch!<\/strong><\/em><\/p>\n\n\n\n<p><\/p>\n\n\n\n<figure class=\"wp-block-image size-large\"><a href=\"http:\/\/www.orientasia.de\/wordpress\/wp-content\/uploads\/2023\/09\/1.png\"><img loading=\"lazy\" decoding=\"async\" width=\"1024\" height=\"576\" src=\"http:\/\/www.orientasia.de\/wordpress\/wp-content\/uploads\/2023\/09\/1-1024x576.png\" alt=\"\" class=\"wp-image-3162\" srcset=\"http:\/\/www.orientasia.de\/wordpress\/wp-content\/uploads\/2023\/09\/1-1024x576.png 1024w, http:\/\/www.orientasia.de\/wordpress\/wp-content\/uploads\/2023\/09\/1-300x169.png 300w, http:\/\/www.orientasia.de\/wordpress\/wp-content\/uploads\/2023\/09\/1-768x432.png 768w, http:\/\/www.orientasia.de\/wordpress\/wp-content\/uploads\/2023\/09\/1-1536x864.png 1536w, http:\/\/www.orientasia.de\/wordpress\/wp-content\/uploads\/2023\/09\/1.png 1920w\" sizes=\"auto, (max-width: 1024px) 100vw, 1024px\" \/><\/a><\/figure>\n\n\n\n<figure class=\"wp-block-image size-large\"><a href=\"http:\/\/www.orientasia.de\/wordpress\/wp-content\/uploads\/2023\/09\/2-1.png\"><img loading=\"lazy\" decoding=\"async\" width=\"1024\" height=\"576\" src=\"http:\/\/www.orientasia.de\/wordpress\/wp-content\/uploads\/2023\/09\/2-1-1024x576.png\" alt=\"\" class=\"wp-image-3166\" srcset=\"http:\/\/www.orientasia.de\/wordpress\/wp-content\/uploads\/2023\/09\/2-1-1024x576.png 1024w, http:\/\/www.orientasia.de\/wordpress\/wp-content\/uploads\/2023\/09\/2-1-300x169.png 300w, http:\/\/www.orientasia.de\/wordpress\/wp-content\/uploads\/2023\/09\/2-1-768x432.png 768w, http:\/\/www.orientasia.de\/wordpress\/wp-content\/uploads\/2023\/09\/2-1-1536x864.png 1536w, http:\/\/www.orientasia.de\/wordpress\/wp-content\/uploads\/2023\/09\/2-1.png 1920w\" sizes=\"auto, (max-width: 1024px) 100vw, 1024px\" \/><\/a><\/figure>\n\n\n\n<hr class=\"wp-block-separator\"\/>\n\n\n\n<p><strong>Studienstart<\/strong><\/p>\n\n\n\n<p>Jeder Start ins Studium ist individuell &#8211; ein neuer Lebensabschnitt, der aufregend ist und gleichzeitig viele neue M\u00f6glichkeiten er\u00f6ffnet. Mit dem Studienstart beginnt f\u00fcr Euch ein neuer Lebensabschnitt, der sich in vielen Aspekten von Euren gewohnten Lebens- und Arbeitsbereichen unterscheiden wird. Wir m\u00f6chten Euch dabei unterst\u00fctzen, Euch auf den \u00dcbergang in Euer Studium gut und systematisch vorzubereiten und Euren Studienbeginn eigenverantwortlich mitzugestalten.<\/p>\n\n\n\n<p><\/p>\n","protected":false},"excerpt":{"rendered":"<p>Liebe Erstis, Wir begr\u00fc\u00dfen Euch ganz herzlich am Institut Orient- und Asienwissenschaften! Wir wollen Euch einen guten Start ins Studium[&#8230;]<\/p>\n","protected":false},"author":1,"featured_media":0,"parent":0,"menu_order":0,"comment_status":"closed","ping_status":"closed","template":"","meta":{"footnotes":"","_wp_rev_ctl_limit":""},"class_list":["post-1716","page","type-page","status-publish","hentry"],"aioseo_notices":[],"_links":{"self":[{"href":"http:\/\/www.orientasia.de\/wordpress\/wp-json\/wp\/v2\/pages\/1716","targetHints":{"allow":["GET"]}}],"collection":[{"href":"http:\/\/www.orientasia.de\/wordpress\/wp-json\/wp\/v2\/pages"}],"about":[{"href":"http:\/\/www.orientasia.de\/wordpress\/wp-json\/wp\/v2\/types\/page"}],"author":[{"embeddable":true,"href":"http:\/\/www.orientasia.de\/wordpress\/wp-json\/wp\/v2\/users\/1"}],"replies":[{"embeddable":true,"href":"http:\/\/www.orientasia.de\/wordpress\/wp-json\/wp\/v2\/comments?post=1716"}],"version-history":[{"count":0,"href":"http:\/\/www.orientasia.de\/wordpress\/wp-json\/wp\/v2\/pages\/1716\/revisions"}],"wp:attachment":[{"href":"http:\/\/www.orientasia.de\/wordpress\/wp-json\/wp\/v2\/media?parent=1716"}],"curies":[{"name":"wp","href":"https:\/\/api.w.org\/{rel}","templated":true}]}}