{"id":1674,"date":"2016-03-22T14:19:28","date_gmt":"2016-03-22T13:19:28","guid":{"rendered":"http:\/\/www.orientasia.info\/wordpress\/?page_id=1674"},"modified":"2021-09-21T17:36:40","modified_gmt":"2021-09-21T15:36:40","slug":"basis","status":"publish","type":"page","link":"http:\/\/www.orientasia.de\/wordpress\/nuetzliches\/basis\/","title":{"rendered":"BASIS 1&#215;1"},"content":{"rendered":"<h2>Wie funktioniert eigentlich BASIS?<\/h2>\n<p>BASIS ist nicht wenigen ein gro\u00dfes R\u00e4tsel und bereitet auch nicht selten schwerwiegende Schwierigkeiten.<br \/>\nIn der direkten Anwendung erkl\u00e4rt sich zwar vieles von selbst und l\u00e4sst sich durch einfaches Ausprobieren verstehen, dennoch wollen wir hier einige wichtige Punkte und Funktionen f\u00fcr Euch er\u00f6rtern.<\/p>\n<h2>Anmelden zu was? (Module vs. Seminare)<\/h2>\n<p>Beachtet, dass Ihr bei der Anmeldung den richtigen Reiter bei der Belegung der Module ausw\u00e4hlen m\u00fcsst. Studierende, die <strong>vor <\/strong>dem Wintersemester 2019\/20 ihr Studium begonnen haben, w\u00e4hlen den Reiter der Pr\u00fcfungsordnung 2013. Studierende, die ihr Studium <strong>sp\u00e4ter<\/strong> begonnen haben, w\u00e4hlen den Reiter der Pr\u00fcfungsordnung 2019.<a href=\"http:\/\/www.orientasia.de\/wordpress\/wp-content\/uploads\/2019\/09\/Basis001.png\"><img loading=\"lazy\" decoding=\"async\" class=\"alignleft size-full wp-image-2660\" src=\"http:\/\/www.orientasia.de\/wordpress\/wp-content\/uploads\/2019\/09\/Basis001.png\" alt=\"\" width=\"756\" height=\"192\" srcset=\"http:\/\/www.orientasia.de\/wordpress\/wp-content\/uploads\/2019\/09\/Basis001.png 756w, http:\/\/www.orientasia.de\/wordpress\/wp-content\/uploads\/2019\/09\/Basis001-300x76.png 300w, http:\/\/www.orientasia.de\/wordpress\/wp-content\/uploads\/2019\/09\/Basis001-604x153.png 604w\" sizes=\"auto, (max-width: 756px) 100vw, 756px\" \/><\/a><\/p>\n<p>Wenn Ihr Euch f\u00fcr ein Modul anmeldet, m\u00fcsst Ihr auf BASIS <strong>alle<\/strong> <strong>dazugeh\u00f6rigen Seminare\/Kurse<\/strong> <strong>belegen<\/strong>.<br \/>\nDie unterschiedlichen aufgef\u00fchrten Seminare stellen keine Parallelkurse da, von denen Ihr Euch einen aussuchen k\u00f6nnt, sondern haben unterschiedliche Inhalte!<br \/>\nHier eine Veranschaulichung anhand des Moduls Basismodul Vietnamesisch I (zum Vergr\u00f6\u00dfern Bild anklicken):<\/p>\n<p><a href=\"http:\/\/www.orientasia.info\/images\/basis-modul.gif\"><img decoding=\"async\" src=\"http:\/\/www.orientasia.info\/images\/basis-modul.gif\" alt=\"\" width=\"300px\" \/><\/a><\/p>\n<p>Wie man sieht, haben in diesem Modul alle Seminare einen unterschiedlichen Namen und beschreiben, welche Inhalte dort vermittelt werden. Das muss nicht immer der Fall sein, beispielsweise k\u00f6nnten auch alle drei Seminare einfach &#8222;Basismodul SPRACHE I&#8220; hei\u00dfen.<\/p>\n<p>Wahlm\u00f6glichkeiten f\u00fcr parallel laufende Veranstaltungen mit gleichem Inhalt habt Ihr nur bei Gruppen. Diese werden dann aber innerhalb des jeweiligen Seminars aufgef\u00fchrt. Siehe ein Beispiel mit mehreren Gruppen bei BM Japanisch I:<\/p>\n<p><a href=\"http:\/\/www.orientasia.info\/images\/basis-gruppen.gif\"><img decoding=\"async\" src=\"http:\/\/www.orientasia.info\/images\/basis-gruppen.gif\" alt=\"\" width=\"300px\" \/><\/a><\/p>\n<p>Hier k\u00f6nnt Ihr bei der Veranstaltungsbelegung Priorit\u00e4ten vergeben. Priorit\u00e4t 1 w\u00e4re die Gruppe, die Euch am liebsten ist. Priorit\u00e4t 2 die etwas weniger gew\u00fcnschte usw.<br \/>\nAchtet also bei der Belegung immer auf den <strong>MODULNAMEN,<\/strong> der meist in Klammern hinter dem Seminar steht.<\/p>\n<p><strong>F\u00fcr die Studierenden der PO 2018 gilt:<\/strong> Durch die Profile, die Ihr am Anfang bei der Einschreibung festgelegt habt bzw. mit der Belegung festlegt, habt Ihr eine begrenzte Anzahl von Modulen, die Ihr w\u00e4hlen k\u00f6nnt. Hier empfehlen wir, dass Ihr Euch an die Musterstudienverlaufspl\u00e4ne haltet. Nur die angegebenen Module (Pflicht- und Wahlfpflichtbereich) sollten von Euch gew\u00e4hlt werden. W\u00e4hlt Ihr andere Module au\u00dferhalb eures Profils, so handelt es sich um eine Fehlbelegung.<\/p>\n<h4>Musterstudienverlaufspl\u00e4ne:<\/h4>\n<ul>\n<li>Unter dem jeweiligen Profil: <a href=\"https:\/\/www.ioa.uni-bonn.de\/de\/studium\/ba\">https:\/\/www.ioa.uni-bonn.de\/de\/studium\/ba<\/a><\/li>\n<\/ul>\n<h2>Anmeldephasen<\/h2>\n<p>Es ist wichtig, dass Ihr die Anmeldefristen f\u00fcr Veranstaltungsbelegungen und Pr\u00fcfungen nicht vers\u00e4umt.<\/p>\n<p>Im Zweifelsfall steht f\u00fcr die Anmeldung von Veranstaltungen noch eine Nachbelegungsphase zur Verf\u00fcgung. Diese beginnt meist Ende Oktober (also nach Semesterbeginn) &#8211; Ihr m\u00fcsst Eure Anwesenheitspflicht jedoch auch vor der Nachbelegung schon erf\u00fcllen. Stellt daher sicher, dass der jeweilige Dozent Euch bereits in der Teilnehmerliste vermerkt hat, auch bevor Ihr offiziell \u00fcber BASIS angemeldet seid.<\/p>\n<p>Au\u00dferhalb der Anmeldephasen stehen Euch die An- und Abmeldefunktionen bei BASIS <strong><i>nicht<\/i> <\/strong>zur Verf\u00fcgung! Immer wieder fragen Studenten, warum sie sich nicht anmelden k\u00f6nnen, ohne die daf\u00fcr vorgegeben Zeitr\u00e4ume zu beachten.<br \/>\nDie Anmeldephasen (die auch gleichzeitig Abmeldephasen sind, falls Ihr Euch schon f\u00fcr eine Veranstaltung angemeldet habt und diese abmelden wollt) stehen im <a href=\"https:\/\/www.philfak.uni-bonn.de\/de\/studium\/studienkalender\">Studienkalender.<\/a><\/p>\n<p>Zwar kommt es am ersten Tag der jeweiligen Anmeldephase h\u00e4ufiger mal zu Server\u00fcberlastungen, jedoch solltet Ihr versuchen, Euch nicht erst am letzten Tag anzumelden. Bei Problemen wendet Euch bitte erst an den <a href=\"https:\/\/www.basis-support.uni-bonn.de\/\">BASIS Support<\/a> und danach im Sekreteriat des Studiengangsmanagement.<\/p>\n<h2>Notenspiegel<\/h2>\n<p>Nach einer Klausur warten meist alle gespannt auf ihre Note. Diese findet sich dann unter &#8222;Notenspiegel&#8220;, wo alle jemals belegten Module &#8211; ob bestanden oder nicht &#8211; aufgef\u00fchrt werden.<br \/>\nHier ist auch einzusehen, wie viele Versuche Ihr eventuell f\u00fcr eine Pr\u00fcfung schon ben\u00f6tigt habt.<br \/>\nEine Legende f\u00fcr die unter &#8222;Vermerk&#8220; erscheinenden Abk\u00fcrzungen findet Ihr ganz unten in der PDF-\u00dcbersicht.<\/p>\n<h2>Anschrift \/ Verwaltung<\/h2>\n<p>Unter den Punkten &#8222;Anschrift \/ Semesterbeitrag&#8220; und &#8222;Studiumsverwaltung&#8220; k\u00f6nnt Ihr Eure Kontaktdaten nun selbst verwalten und m\u00fcsst beispielsweise im Falle eines Umzugs nicht mehr zum Studiensekretariat, um diese \u00c4nderung vorzunehmen.<\/p>\n<p>Hier k\u00f6nnt Ihr auch sehen, wie hoch der Betrag f\u00fcr die R\u00fcckmeldung des kommenden Semesters ist, ob die R\u00fcckmeldung noch aussteht oder ob Ihr schon bezahlt habt.<\/p>\n<p>Desweiteren besteht die M\u00f6glichkeit, beglaubigte Studienbescheinigungen aufzurufen und selbst auszudrucken (falls zus\u00e4tzlich zu den im R\u00fcckmeldebogen befindlichen Bescheinigungen ben\u00f6tigt werden).<\/p>\n","protected":false},"excerpt":{"rendered":"<p>Wie funktioniert eigentlich BASIS? BASIS ist nicht wenigen ein gro\u00dfes R\u00e4tsel und bereitet auch nicht selten schwerwiegende Schwierigkeiten. In der[&#8230;]<\/p>\n","protected":false},"author":31,"featured_media":0,"parent":1769,"menu_order":0,"comment_status":"closed","ping_status":"closed","template":"","meta":{"footnotes":"","_wp_rev_ctl_limit":""},"class_list":["post-1674","page","type-page","status-publish","hentry"],"aioseo_notices":[],"_links":{"self":[{"href":"http:\/\/www.orientasia.de\/wordpress\/wp-json\/wp\/v2\/pages\/1674","targetHints":{"allow":["GET"]}}],"collection":[{"href":"http:\/\/www.orientasia.de\/wordpress\/wp-json\/wp\/v2\/pages"}],"about":[{"href":"http:\/\/www.orientasia.de\/wordpress\/wp-json\/wp\/v2\/types\/page"}],"author":[{"embeddable":true,"href":"http:\/\/www.orientasia.de\/wordpress\/wp-json\/wp\/v2\/users\/31"}],"replies":[{"embeddable":true,"href":"http:\/\/www.orientasia.de\/wordpress\/wp-json\/wp\/v2\/comments?post=1674"}],"version-history":[{"count":0,"href":"http:\/\/www.orientasia.de\/wordpress\/wp-json\/wp\/v2\/pages\/1674\/revisions"}],"up":[{"embeddable":true,"href":"http:\/\/www.orientasia.de\/wordpress\/wp-json\/wp\/v2\/pages\/1769"}],"wp:attachment":[{"href":"http:\/\/www.orientasia.de\/wordpress\/wp-json\/wp\/v2\/media?parent=1674"}],"curies":[{"name":"wp","href":"https:\/\/api.w.org\/{rel}","templated":true}]}}