{"id":1672,"date":"2016-03-22T14:18:45","date_gmt":"2016-03-22T13:18:45","guid":{"rendered":"http:\/\/www.orientasia.info\/wordpress\/?page_id=1672"},"modified":"2021-09-21T17:58:03","modified_gmt":"2021-09-21T15:58:03","slug":"praktikum","status":"publish","type":"page","link":"http:\/\/www.orientasia.de\/wordpress\/nuetzliches\/praktikum\/","title":{"rendered":"Praktikum"},"content":{"rendered":"<h2>Wie funktioniert eigentlich die Anrechnung eines Praktikums?<\/h2>\n<p>Der grobe Ablauf, die Kontaktdaten des jeweiligen Praktikumsbeauftragten und die <a href=\"https:\/\/www.ioa.uni-bonn.de\/de\/studium\/prak\/praktikumsbericht\">Vorgaben f\u00fcr den Praktikumsbericht<\/a> <i>(in dem Dokument sind auch noch mal alle wichtigen Information festgehalten)<\/i> findet Ihr unter <a href=\"https:\/\/www.ioa.uni-bonn.de\/de\/studium\/prak\">&#8222;Praktika&#8220;<\/a> auf der Seite des IOA.<br \/>\nWas f\u00fcr ein Praktikum angerechnet werden kann und wie der Bericht aufgebaut sein sollte, ist in den Vorgaben nachzulesen.<\/p>\n<p>Das Praktikum l\u00e4uft unter dem Modultitel &#8222;Praktikum Interkulturelle Kompetenz&#8220;, daher ist es notwendig, dass Ihr Euch in der Belegungsphase f\u00fcr die Lehrveranstaltungen \u00fcber BASIS f\u00fcr das Modul anmeldet.<\/p>\n<p>Rechtzeitig vor Antritt des Praktikums sind Informationen \u00fcber das Praktikum (siehe Vorgaben f\u00fcr den Praktikumsbericht) und das ausgef\u00fcllte Formular &#8222;Meldung zur Seminarpr\u00fcfung&#8220; (unten auf der <a href=\"http:\/\/www.philfak.uni-bonn.de\/studium\/pruefungsbuero\/download\">Seite des Pr\u00fcfungsamts<\/a>) beim Praktikumsbeauftragten einzureichen.<\/p>\n<p>Sp\u00e4testens drei Monate nach Ende des Praktikums ist der Praktikumsbericht beim Praktikumsbeauftragten einzureichen und gilt quasi als Eure &#8222;Seminarpr\u00fcfung&#8220;. Die daraus hervorgehende Note wird dann sp\u00e4ter \u00fcber BASIS als Endnote f\u00fcr das Modul berechnet.<\/p>\n<h2>Best\u00e4tigungs- \/ Empfehlungsschreiben<\/h2>\n<p>Manche Praktikumsanbieter bitten eventuell um ein offizielles Best\u00e4tigungs- oder Empfehlungsschreiben.<br \/>\nJe nachdem, welche Art von Schreiben erw\u00fcnscht ist, k\u00f6nnt Ihr die Dozenten in Eurer Abteilung bitten, Euch ein solches Schreiben auszustellen oder im Sekretariat (Nassestr. 2, Erdgeschoss) um ein vorgefertigtes Exemplar bitten.<\/p>\n<p>Denkt bitte daran, Euch mit gen\u00fcgend Vorlaufzeit darum zu k\u00fcmmern. Wenn ein Dozent ein Empfehlungsschreiben f\u00fcr Euch verfassen soll, kann das einige Zeit in Anspruch nehmen.<\/p>\n<p>Sollte eine einfach Best\u00e4tigung, dass Ihr Studenten des Instituts seid und das Praktikum im Rahmen Eures Studiums absolviert, reichen, k\u00f6nnt Ihr Euch gegebenenfalls selbst ein solches Schreiben erstellen und im Sekretariat beglaubigen lassen.<\/p>\n<h2>Einen Praktikumsplatz finden<\/h2>\n<p>Finden m\u00fcsst Ihr Euren Praktikumsplatz in aller Regel selbst. Trotzdem kann es sich lohnen, einmal in der jeweiligen Abteilung zu fragen, ob es im gew\u00fcnschten Land Unternehmen oder Organisationen gibt, die Praktikanten annehmen und zu empfehlen sind.<\/p>\n<p>Neben diversen Angebotsseiten im Internet besteht auch immer die M\u00f6glichkeit, gezielt Unternehmen und Organisationen anzuschreiben und nachzufragen, ob sie Euch als Studenten unseres Instituts f\u00fcr einen bestimmten Zeitraum eine Praktikumsstelle anbieten k\u00f6nnen.<\/p>\n","protected":false},"excerpt":{"rendered":"<p>Wie funktioniert eigentlich die Anrechnung eines Praktikums? Der grobe Ablauf, die Kontaktdaten des jeweiligen Praktikumsbeauftragten und die Vorgaben f\u00fcr den[&#8230;]<\/p>\n","protected":false},"author":31,"featured_media":0,"parent":1769,"menu_order":0,"comment_status":"closed","ping_status":"closed","template":"","meta":{"footnotes":"","_wp_rev_ctl_limit":""},"class_list":["post-1672","page","type-page","status-publish","hentry"],"aioseo_notices":[],"_links":{"self":[{"href":"http:\/\/www.orientasia.de\/wordpress\/wp-json\/wp\/v2\/pages\/1672","targetHints":{"allow":["GET"]}}],"collection":[{"href":"http:\/\/www.orientasia.de\/wordpress\/wp-json\/wp\/v2\/pages"}],"about":[{"href":"http:\/\/www.orientasia.de\/wordpress\/wp-json\/wp\/v2\/types\/page"}],"author":[{"embeddable":true,"href":"http:\/\/www.orientasia.de\/wordpress\/wp-json\/wp\/v2\/users\/31"}],"replies":[{"embeddable":true,"href":"http:\/\/www.orientasia.de\/wordpress\/wp-json\/wp\/v2\/comments?post=1672"}],"version-history":[{"count":0,"href":"http:\/\/www.orientasia.de\/wordpress\/wp-json\/wp\/v2\/pages\/1672\/revisions"}],"up":[{"embeddable":true,"href":"http:\/\/www.orientasia.de\/wordpress\/wp-json\/wp\/v2\/pages\/1769"}],"wp:attachment":[{"href":"http:\/\/www.orientasia.de\/wordpress\/wp-json\/wp\/v2\/media?parent=1672"}],"curies":[{"name":"wp","href":"https:\/\/api.w.org\/{rel}","templated":true}]}}