{"id":1366,"date":"2016-03-22T12:29:02","date_gmt":"2016-03-22T11:29:02","guid":{"rendered":"http:\/\/www.orientasia.info\/wordpress\/?page_id=1366"},"modified":"2024-01-22T15:32:57","modified_gmt":"2024-01-22T14:32:57","slug":"veranstaltungen","status":"publish","type":"page","link":"http:\/\/www.orientasia.de\/wordpress\/veranstaltungen\/","title":{"rendered":"Veranstaltungen"},"content":{"rendered":"<div class=\"_5wd9\">\n<div class=\"_5wde _n4o\">\n<div class=\"_5w1r _3_om _5wdf\">\n<div class=\"_4gx_\">\n<div><\/div>\n<div class=\"_d97\"><span class=\"_5yl5\"><span class=\"_5yl5\">Obwohl die Arbeit der Fachschaft in erster Linie nat\u00fcrlich aus der inhaltlichen Vertretung der Studierendenschaft besteht, bem\u00fchen wir uns auch um das Zusammenbringen und den Austausch unter den Studenten. Traditionell veranstaltet zum Beispiel jede Fachschaft jedes Semester eine <a href=\"http:\/\/www.orientasia.info\/wordpress\/veranstaltungen\/fachschaftsparty\/\" target=\"_blank\" rel=\"noopener\">Fachschaftsparty<\/a> &#8211; so nat\u00fcrlich auch wir! Denn neben der ganzen Arbeit darf nat\u00fcrlich auch der Spa\u00df nicht zu kurz kommen!<br \/>\nWeiterhin veranstalten wir einmal im Jahr unser <a href=\"http:\/\/www.orientasia.info\/wordpress\/veranstaltungen\/sommerfest\/\" target=\"_blank\" rel=\"noopener\">Sommerfest<\/a> und die Ersti-Woche. <\/span><\/span>Infos zu den jeweiligen Veranstaltungen findet Ihr hier (diese Seite wird regelm\u00e4\u00dfig geupdatet). Fotos findet Ihr auf unserer <a href=\"https:\/\/www.facebook.com\/OrientAsia\/\" target=\"_blank\" rel=\"noopener\">Facebookseite<\/a>.<\/div>\n<div><\/div>\n<div class=\"_d97\">Infos zu &#8222;inhaltlichen&#8220; Vortr\u00e4gen, wie zum Beispiel zu Berufsperspektiven, erhaltet Ihr regelm\u00e4\u00dfig in den <a href=\"https:\/\/www.ioa.uni-bonn.de\/\" target=\"_blank\" rel=\"noopener\">E-Mails des Instituts<\/a>.M\u00f6glichkeit zum Austausch mit internationalen Studenten (z.B. <a href=\"https:\/\/www.uni-bonn.de\/studium\/studium-in-bonn-fuer-internationale-studierende\/betreuung-auslaendischer-studierender\/study-buddy-programm\" target=\"_blank\" rel=\"noopener\">Study Buddy<\/a>, <a href=\"https:\/\/www.uni-bonn.de\/studium\/studium-in-bonn-fuer-internationale-studierende\/kurzzeit-junior-year-und-austausch-programme\/jyp-und-austauschprogramm\/integration\/buddy\/bonn-buddy-programminformationen\" target=\"_blank\" rel=\"noopener\">Bonn Buddy<\/a>, insbesondere interessant f\u00fcr diejenigen unter Euch, die Chinesisch, Japanisch oder Koreanisch lernen) findet Ihr auf der <a href=\"https:\/\/www.uni-bonn.de\/einrichtungen\/dezernat-internationales\" target=\"_blank\" rel=\"noopener\">Seite des Dezernat Internationales<\/a>.<\/p>\n<\/div>\n<\/div>\n<\/div>\n<\/div>\n<\/div>\n","protected":false},"excerpt":{"rendered":"<p>Obwohl die Arbeit der Fachschaft in erster Linie nat\u00fcrlich aus der inhaltlichen Vertretung der Studierendenschaft besteht, bem\u00fchen wir uns auch[&#8230;]<\/p>\n","protected":false},"author":28,"featured_media":0,"parent":0,"menu_order":0,"comment_status":"closed","ping_status":"closed","template":"","meta":{"footnotes":"","_wp_rev_ctl_limit":""},"class_list":["post-1366","page","type-page","status-publish","hentry"],"aioseo_notices":[],"_links":{"self":[{"href":"http:\/\/www.orientasia.de\/wordpress\/wp-json\/wp\/v2\/pages\/1366","targetHints":{"allow":["GET"]}}],"collection":[{"href":"http:\/\/www.orientasia.de\/wordpress\/wp-json\/wp\/v2\/pages"}],"about":[{"href":"http:\/\/www.orientasia.de\/wordpress\/wp-json\/wp\/v2\/types\/page"}],"author":[{"embeddable":true,"href":"http:\/\/www.orientasia.de\/wordpress\/wp-json\/wp\/v2\/users\/28"}],"replies":[{"embeddable":true,"href":"http:\/\/www.orientasia.de\/wordpress\/wp-json\/wp\/v2\/comments?post=1366"}],"version-history":[{"count":0,"href":"http:\/\/www.orientasia.de\/wordpress\/wp-json\/wp\/v2\/pages\/1366\/revisions"}],"wp:attachment":[{"href":"http:\/\/www.orientasia.de\/wordpress\/wp-json\/wp\/v2\/media?parent=1366"}],"curies":[{"name":"wp","href":"https:\/\/api.w.org\/{rel}","templated":true}]}}