{"id":1342,"date":"2016-03-21T19:34:41","date_gmt":"2016-03-21T18:34:41","guid":{"rendered":"http:\/\/www.orientasia.de\/?page_id=1342"},"modified":"2023-09-29T20:26:19","modified_gmt":"2023-09-29T18:26:19","slug":"fachschaftsarbeit","status":"publish","type":"page","link":"http:\/\/www.orientasia.de\/wordpress\/fachschaftsarbeit\/","title":{"rendered":"Die Fachschaft"},"content":{"rendered":"\n<div style=\"height:50px\" aria-hidden=\"true\" class=\"wp-block-spacer\"><\/div>\n\n\n\n<figure class=\"wp-block-image size-large is-style-default\"><a href=\"http:\/\/www.orientasia.de\/wordpress\/wp-content\/uploads\/2023\/09\/DSC_0538-1-scaled.jpg\"><img loading=\"lazy\" decoding=\"async\" width=\"2560\" height=\"1707\" src=\"http:\/\/www.orientasia.de\/wordpress\/wp-content\/uploads\/2023\/09\/DSC_0538-1-edited-scaled.jpg\" alt=\"\" class=\"wp-image-3189\" srcset=\"http:\/\/www.orientasia.de\/wordpress\/wp-content\/uploads\/2023\/09\/DSC_0538-1-edited-scaled.jpg 2560w, http:\/\/www.orientasia.de\/wordpress\/wp-content\/uploads\/2023\/09\/DSC_0538-1-edited-300x200.jpg 300w, http:\/\/www.orientasia.de\/wordpress\/wp-content\/uploads\/2023\/09\/DSC_0538-1-edited-1024x683.jpg 1024w, http:\/\/www.orientasia.de\/wordpress\/wp-content\/uploads\/2023\/09\/DSC_0538-1-edited-768x512.jpg 768w, http:\/\/www.orientasia.de\/wordpress\/wp-content\/uploads\/2023\/09\/DSC_0538-1-edited-1536x1024.jpg 1536w, http:\/\/www.orientasia.de\/wordpress\/wp-content\/uploads\/2023\/09\/DSC_0538-1-edited-2048x1366.jpg 2048w, http:\/\/www.orientasia.de\/wordpress\/wp-content\/uploads\/2023\/09\/DSC_0538-1-edited-840x560.jpg 840w, http:\/\/www.orientasia.de\/wordpress\/wp-content\/uploads\/2023\/09\/DSC_0538-1-edited-120x80.jpg 120w, http:\/\/www.orientasia.de\/wordpress\/wp-content\/uploads\/2023\/09\/DSC_0538-1-edited-360x240.jpg 360w, http:\/\/www.orientasia.de\/wordpress\/wp-content\/uploads\/2023\/09\/DSC_0538-1-edited-600x400.jpg 600w, http:\/\/www.orientasia.de\/wordpress\/wp-content\/uploads\/2023\/09\/DSC_0538-1-edited-272x182.jpg 272w\" sizes=\"auto, (max-width: 2560px) 100vw, 2560px\" \/><\/a><figcaption>Eure Fachschafts-Vertretung 2023\/24<\/figcaption><\/figure>\n\n\n<h2>Was ist die Fachschaft?<\/h2>\n<p>Eine Fachschaft (FS) besteht aus allen Studierenden, die in einem der jeweiligen FS zugeordneten Studieng\u00e4nge immatrikuliert sind, sofern bei Doppelimmatrikulation nicht f\u00fcr die andere FS optiert wurde. Meist wird \u201cFachschaft\u201d aber f\u00fcr die Mitglieder der Fachschaftsvertretung (FSV) und des Fachschaftsrates (FSR) gebraucht.<\/p>\n<p>Die bis zu 15 Mitglieder der FSV werden j\u00e4hrlich \u2013 in unserer FS im SoSe\u2013 neu gew\u00e4hlt. Zu ihren wichtigsten Aufgaben geh\u00f6rt die Wahl der bis zu 9 Mitglieder des FSR, der die Gesch\u00e4fte der FS f\u00fchrt. Der FSR tritt regelm\u00e4\u00dfig zu Sitzungen zusammen, die in der Regel \u00f6ffentlich sind.<\/p>\n<p>FSV und FSR entsenden Vertreter in verschiedene Gremien, z. B. in den IOA-Vorstand, in Berufungskommissionen, in Pr\u00fcfungsaussch\u00fcsse, in die QV-Mittel-Kommission und die Fachschaftenkonferenz (FK), dem w\u00f6chentlichen Treffen aller Fachschaften.<\/p>\n<p>Eine Aufwandsentsch\u00e4digung wird f\u00fcr die Mitarbeit in FSV oder FSR nicht gew\u00e4hrt.<\/p>\n<p>Weitere Infos zum Thema Fachschaft, sowie die Protokolle der FK findet ihr unter folgenden Links:<br \/><a href=\"https:\/\/sp.uni-bonn.de\/bekanntmachungen\/files\/2022\/vsbonn_bekanntmachung_2022-60.pdf\">Satzung der Studierendenschaft<\/a> (PDF-Datei)<br \/><a href=\"http:\/\/www.asta-bonn.de\/fachschaften.html\" target=\"_blank\" rel=\"noopener noreferrer\">Fachschaftenreferat im AStA<\/a><\/p>\n<h2>Fachschaftsarbeit<\/h2>\n<p>Interessierte und engagierte Studenten k\u00f6nnen gerne an Fachschaftstreffen teilnehmen.<br \/>Meldet Euch einfach per E-Mail und wir werden Euch zu einem der Termine einladen.<\/p>\n<p>Ihr k\u00f6nnt regelm\u00e4\u00dfig bei Veranstaltungen mithelfen und sie sogar mitorganisieren, falls Interesse besteht. So k\u00f6nnt Ihr schon einmal hereinschnuppern, bevor Ihr euch eventuell zur Wahl aufstellen lasst.<\/p>\n<p>Wir freuen uns auf Euch!<\/p>\n<h2>Warum in die Fachschaft?<\/h2>\n<p>Die Mitarbeit in FSV und FSR ist in vielerlei Hinsicht attraktiv und spricht ein breites Spektrum an Pers\u00f6nlichkeiten an.<br \/>Im Vordergrund steht nat\u00fcrlich die <b>M\u00f6glichkeit der Mitgestaltung des eigenen Studiengangs<\/b> in Form von Mitarbeit in Kommissionen, Projektgruppen oder auch einfach durch Vorschl\u00e4ge und Anregungen an den Institutsvorstand (in den wir selbst bis zu vier Vertreter*innen entsenden). Die eigene Meinung und Ideen \u00e4u\u00dfern k\u00f6nnen nat\u00fcrlich alle Studenten, in der Fachschaftsvertretung ist man aber sozusagen ganz nah am Geschehen und hat den direkten Draht zu den passenden Ansprechpartnern.<br \/>Damit einhergehend ist ein <b>tieferer Einblick ins Uni-Geschehen,<\/b> den man bei engagierter Fachschaftsarbeit recht schnell bekommt und je nach Interesse in bestimmte oder allgemeine Richtungen vertiefen kann. Viele Zusammenh\u00e4nge und Entscheidungen am Institut oder der Fakult\u00e4t wirken komplex und unverst\u00e4ndlich, aber die regelm\u00e4\u00dfige Mitarbeit in der FSV hilft, ein fundierteres Verst\u00e4ndnis zu erlangen, nicht zuletzt auch durch unsere recht <b>enge Zusammenarbeit mit unserem Institut<\/b>.<br \/>\u00dcber den eigenen Tellerand hinausblickend bieten sich auch gen\u00fcgend M\u00f6glichkeiten und Freir\u00e4ume, um Kollaborationen mit anderen asienbezogenen Institutionen oder Fachbereichen in die Wege zu leiten und gemeinsame Projekte auf die Beine zu stellen oder auch einfach nur einen regen Austausch zu pflegen.<\/p>\n<p>Auch die Ebene der <b>sozialen Kompetenz<\/b> kommt in der FSV nicht zu kurz. Immerhin gilt es in einer Gruppe zu arbeiten und stets den bestm\u00f6glichen Konsens zu finden, um arbeitsf\u00e4hig zu bleiben. Da die FSV die gesamte Fachschaft, also all unsere Studenten am Institut, vertritt, ist sie auch daf\u00fcr verantwortlich, die verschiedenen Interessen der Mitstudenten zu verfolgen, abzuw\u00e4gen und angemessen zu handeln. Zentral sind also <b>Teamf\u00e4higkeit, Kompromissbereitschaft, Verantwortung, diplomatisches Geschick<\/b> und nat\u00fcrlich <b>eigene Initiative<\/b>. Die FSV bietet eine gute M\u00f6glichkeit, all dies im \u00fcberschaubaren Rahmen f\u00fcr sich zu entdecken und weiterzuentwickeln, um sp\u00e4ter in gr\u00f6\u00dferen Projekten und Gruppen &#8211; oder auch in der Arbeitswelt &#8211; fit zu sein.<\/p>\n<p>Aber nicht nur der Ernst der Studienwelt steht an der Tagesordnung, sondern auch die Organisation von Veranstaltungen, wie etwa unserer beliebten <b>OrientAsia Party, dem Sommerfest<\/b> oder der <b>Erstsemester-Veranstaltung<\/b>. Zur Planung und Organisation geh\u00f6ren zwar eine Menge Arbeit (Was k\u00f6nnte man machen? Wie? Worauf muss geachtet werden? Was l\u00e4sst das Budget zu?&#8230;), aber auch die Freude am gemeinsamen Projekt und die Zufriedenheit nach einer gelungenen Veranstaltung.<\/p>\n<p>Nicht zuletzt ist die Arbeit in der FSV gut dazu geeignet, andere Studenten <b>kennenzulernen<\/b>. Sei es \u00fcber die <b>Arbeit in den Gremien<\/b>, das <b>Anbieten von Sprechzeiten<\/b> oder einfach die Organisation von Veranstaltungen. Schnell lernt man viele Kommilitonen, denen man in seinen Kursen sonst vielleicht nicht begegnet w\u00e4re, kennen und kann besonders bei den Erstsemester-Veranstaltungen sofort Kontakte zu den neuen Studierenden kn\u00fcpfen.<br \/>Aber nicht nur Studenten lernt man so besser kennen, sondern auch Dozenten und andere Instituts-Mitarbeiter. Recht schnell erf\u00e4hrt man durch die Mitarbeit in der FSV, wer der richtige <b>Ansprechpartner<\/b> f\u00fcr welches Problem ist, <b>wo<\/b> man sich <b>wann<\/b> f\u00fcr <b>was<\/b> melden muss und \u00c4hnliches. Dieses <b>Wissen<\/b> und auch die sich mit der Zeit einstellende <b>Erfahrung<\/b> helfen nicht nur anderen Studenten, sondern machen f\u00fcr einen selbst &#8211; ganz eigenn\u00fctzig &#8211; auch vieles einfacher.<\/p>\n<p>Wie man sieht, bietet die FSV eine Menge (und weitaus mehr als hier genannt!) M\u00f6glichkeiten, sich f\u00fcr die Gemeinschaft zu engagieren und gleichzeitig f\u00fcr sich pers\u00f6nlich etwas daraus zu ziehen. Auf Wunsch kann am Ende der Mitgliedschaft <i>(oder bei mehrfacher Kandidatur auch zwischendurch)<\/i> eine Bescheinigung der Mitarbeit ausgestellt werden, die sich immer gut im Lebenslauf macht. ;)<\/p>\n<h2>Keine Auslage alter Klausuren<\/h2>\n<p>Entgegen hartn\u00e4ckiger Ger\u00fcchte ist die Fachschaft nicht im Besitz alter Klausurunterlagen zu Demonstrationszwecken.<br \/>Immer wieder werden wir nach alten Klausuren, insbesondere von Geschichte Asiens und Modernes Asien, gefragt. Bitte fragt Eure Tutoren und Dozenten nach Probeklausuren und \u00dcbungsmaterial, wenn Ihr Euch auf Eure Pr\u00fcfungen vorbereiten m\u00f6chtet.<\/p>","protected":false},"excerpt":{"rendered":"<p>Was ist die Fachschaft? Eine Fachschaft (FS) besteht aus allen Studierenden, die in einem der jeweiligen FS zugeordneten Studieng\u00e4nge immatrikuliert[&#8230;]<\/p>\n","protected":false},"author":1,"featured_media":0,"parent":0,"menu_order":0,"comment_status":"closed","ping_status":"closed","template":"","meta":{"footnotes":"","_wp_rev_ctl_limit":""},"class_list":["post-1342","page","type-page","status-publish","hentry"],"aioseo_notices":[],"_links":{"self":[{"href":"http:\/\/www.orientasia.de\/wordpress\/wp-json\/wp\/v2\/pages\/1342","targetHints":{"allow":["GET"]}}],"collection":[{"href":"http:\/\/www.orientasia.de\/wordpress\/wp-json\/wp\/v2\/pages"}],"about":[{"href":"http:\/\/www.orientasia.de\/wordpress\/wp-json\/wp\/v2\/types\/page"}],"author":[{"embeddable":true,"href":"http:\/\/www.orientasia.de\/wordpress\/wp-json\/wp\/v2\/users\/1"}],"replies":[{"embeddable":true,"href":"http:\/\/www.orientasia.de\/wordpress\/wp-json\/wp\/v2\/comments?post=1342"}],"version-history":[{"count":0,"href":"http:\/\/www.orientasia.de\/wordpress\/wp-json\/wp\/v2\/pages\/1342\/revisions"}],"wp:attachment":[{"href":"http:\/\/www.orientasia.de\/wordpress\/wp-json\/wp\/v2\/media?parent=1342"}],"curies":[{"name":"wp","href":"https:\/\/api.w.org\/{rel}","templated":true}]}}